{"id":1077,"date":"2021-05-28T00:00:42","date_gmt":"2021-05-28T00:00:42","guid":{"rendered":"https:\/\/bijouxmemorable.com\/?post_type=product&#038;p=1077"},"modified":"2026-01-16T12:02:58","modified_gmt":"2026-01-16T16:02:58","slug":"baguepourtoujours","status":"publish","type":"product","link":"https:\/\/bijouxmemorable.com\/en\/product\/baguepourtoujours\/","title":{"rendered":"Forever Ring"},"content":{"rendered":"<section class=\"elementor-element elementor-element-af845a1 elementor-section-full_width elementor-section-height-default elementor-section-height-default elementor-section elementor-inner-section\" data-id=\"af845a1\" data-element_type=\"section\">\n<div class=\"elementor-container elementor-column-gap-default\">\n<div class=\"elementor-row\">\n<div class=\"elementor-element elementor-element-adc27ed elementor-column elementor-col-50 elementor-inner-column\" data-id=\"adc27ed\" data-element_type=\"column\" data-settings=\"{&quot;motion_fx_motion_fx_scrolling&quot;:&quot;yes&quot;,&quot;motion_fx_devices&quot;:[&quot;desktop&quot;,&quot;tablet&quot;]}\">\n<div class=\"elementor-column-wrap elementor-element-populated\">\n<div class=\"elementor-widget-wrap\">\n<div class=\"elementor-element elementor-element-42e0bb9 elementor-widget elementor-widget-text-editor\" data-id=\"42e0bb9\" data-element_type=\"widget\" data-widget_type=\"text-editor.default\">\n<div class=\"elementor-widget-container\">\n<div class=\"elementor-text-editor elementor-clearfix\">\n<p class=\"p1\">Chaque pi\u00e8ce est unique et pr\u00e9sente des caract\u00e9ristiques qui lui sont propres. L\u2019incrustation de cendres dans diff\u00e9rents mat\u00e9riaux rendent un dernier hommage et assure \u00e0 la m\u00e9moire de traverser le temps. La bijouterie M\u00c9MORABLE permet d&rsquo;immortaliser \u00e0 jamais les cendres d\u2019un \u00eatre cher de fa\u00e7on discr\u00e8te et intime gr\u00e2ce \u00e0 ses diff\u00e9rentes collections de Bijoux de Vie.<\/p>\n<p class=\"p1\">La collection HOMMAGE prends le temps de souligner les valeurs au coeur de nos relations et le souvenir unique qui relie chacunes d\u2019elles.<\/p>\n<p class=\"p1\">Pour en conna\u00eetre plus sur le service de la Bijouterie M\u00c9MORABLE, visitez la section <a href=\"https:\/\/bijouxmemorable.com\/questions-frequentes\/\"><span class=\"s1\">Questions fr\u00e9quentes<\/span><\/a> et t\u00e9l\u00e9chargez le <a href=\"https:\/\/bijouxmemorable.com\/guide.pdf\" target=\"_blank\" rel=\"noopener\"><span class=\"s1\">Guide d\u2019accompagnement<\/span><\/a>. La grande famille M\u00c9MORABLE Bijoux de Vie et l&rsquo;ensemble de ses collections sont des cr\u00e9ations originales \u00c8VA MAUDE.<\/p>\n<\/div>\n<\/div>\n<\/div>\n<\/div>\n<\/div>\n<\/div>\n<\/div>\n<\/div>\n<\/section>\n","protected":false},"excerpt":{"rendered":"<h1>Bague pour toujours<\/h1>\n<p><span data-sheets-value=\"{&quot;1&quot;:2,&quot;2&quot;:&quot;Bague sertie de la collection HOMMAGE en zircon cubique d'un diam\u00e8tre de 3 mm. Les cendres sont int\u00e9gr\u00e9es \u00e0 la mati\u00e8re par proc\u00e9d\u00e9 \u00e9lectromagn\u00e9tique et le zircon est mont\u00e9 sur un anneau en argent sterling ou en or 10 carats jaune, blanc ou rose. La bague fait 4 mm de largeur. Un service de gravure (10 lettres) est gracieusement offert.&quot;}\" data-sheets-formula=\"=R[0]C[-22]&amp;&quot; de la collection &quot;&amp;R[0]C[-23]&amp;&quot; en &quot;&amp;R[0]C[-18]&amp;&quot; &quot;&amp;R[0]C[-17]&amp;&quot;d'un diam\u00e8tre de &quot;&amp;R[0]C[-16]&amp;&quot;. Les cendres sont int\u00e9gr\u00e9es \u00e0 la mati\u00e8re par proc\u00e9d\u00e9 \u00e9lectromagn\u00e9tique et &quot;&amp;R[0]C[-19]&amp;&quot; est mont\u00e9 sur &quot;&amp;R[0]C[-13]&amp;&quot; en &quot;&amp;R[0]C[-12]&amp;&quot; &quot;&amp;R[0]C[-11]&amp;&quot;ou en &quot;&amp;R[1]C[-12]&amp;&quot; &quot;&amp;R[1]C[-11]&amp;&quot;. &quot;&amp;R[0]C[-8]&amp;R[0]C[-15]&amp;R[0]C[-7]\">Bague sertie de la collection HOMMAGE en zircon cubique d&rsquo;un diam\u00e8tre de 3 mm. Les cendres sont int\u00e9gr\u00e9es \u00e0 la mati\u00e8re par proc\u00e9d\u00e9 \u00e9lectromagn\u00e9tique et le zircon est mont\u00e9 sur un anneau en argent sterling ou en or 10 carats jaune ou blanc. La bague fait 4 mm de largeur.<\/span>\u00a0La grandeur de la bague doit \u00eatre juste. Des frais additionnel s\u2019appliquent pour tout changement. Utiliser les services d\u2019un professionnel pour d\u00e9terminer la mesure exacte du doigt.<\/p>\n<p>Pour personnaliser ce bijou avec une gravure, veuillez d\u2019abord ajouter cet article au panier d\u2019achat, puis cliquez sur SERVICE DE GRAVURE dans le menu principal ou suivez ce lien : <a href=\"https:\/\/bijouxmemorable.com\/gravure\" target=\"_new\" rel=\"noopener\">Ajout d\u2019une gravure personnalis\u00e9e<\/a>. Les types de gravures disponibles pour cet item sont : Date, Nom, Mot, Texte, Signature.<\/p>\n","protected":false},"featured_media":995,"template":"","meta":[],"product_brand":[],"product_cat":[66],"product_tag":[],"class_list":{"0":"post-1077","1":"product","2":"type-product","3":"status-publish","4":"has-post-thumbnail","6":"product_cat-hommage","8":"first","9":"instock","10":"taxable","11":"shipping-taxable","12":"purchasable","13":"product-type-variable","14":"has-default-attributes"},"_links":{"self":[{"href":"https:\/\/bijouxmemorable.com\/en\/wp-json\/wp\/v2\/product\/1077","targetHints":{"allow":["GET"]}}],"collection":[{"href":"https:\/\/bijouxmemorable.com\/en\/wp-json\/wp\/v2\/product"}],"about":[{"href":"https:\/\/bijouxmemorable.com\/en\/wp-json\/wp\/v2\/types\/product"}],"version-history":[{"count":1,"href":"https:\/\/bijouxmemorable.com\/en\/wp-json\/wp\/v2\/product\/1077\/revisions"}],"predecessor-version":[{"id":6050,"href":"https:\/\/bijouxmemorable.com\/en\/wp-json\/wp\/v2\/product\/1077\/revisions\/6050"}],"wp:featuredmedia":[{"embeddable":true,"href":"https:\/\/bijouxmemorable.com\/en\/wp-json\/wp\/v2\/media\/995"}],"wp:attachment":[{"href":"https:\/\/bijouxmemorable.com\/en\/wp-json\/wp\/v2\/media?parent=1077"}],"wp:term":[{"taxonomy":"product_brand","embeddable":true,"href":"https:\/\/bijouxmemorable.com\/en\/wp-json\/wp\/v2\/product_brand?post=1077"},{"taxonomy":"product_cat","embeddable":true,"href":"https:\/\/bijouxmemorable.com\/en\/wp-json\/wp\/v2\/product_cat?post=1077"},{"taxonomy":"product_tag","embeddable":true,"href":"https:\/\/bijouxmemorable.com\/en\/wp-json\/wp\/v2\/product_tag?post=1077"}],"curies":[{"name":"wp","href":"https:\/\/api.w.org\/{rel}","templated":true}]}}